{"id":11452,"date":"2023-04-20T06:53:22","date_gmt":"2023-04-20T06:53:22","guid":{"rendered":"https:\/\/maisonduprat.com\/nos-metiers\/"},"modified":"2025-07-31T10:13:05","modified_gmt":"2025-07-31T10:13:05","slug":"our-expertise","status":"publish","type":"page","link":"https:\/\/maisonduprat.com\/en\/our-expertise\/","title":{"rendered":"Our expertise"},"content":{"rendered":"\t\t<div data-elementor-type=\"wp-page\" data-elementor-id=\"11452\" class=\"elementor elementor-11452 elementor-9954\">\n\t\t\t\t\t\t\t\t\t<section class=\"elementor-section elementor-top-section elementor-element elementor-element-2252f3a elementor-section-full_width elementor-section-height-min-height elementor-section-height-default elementor-section-items-middle\" data-id=\"2252f3a\" data-element_type=\"section\" data-settings=\"{&quot;background_background&quot;:&quot;classic&quot;}\">\n\t\t\t\t\t\t<div class=\"elementor-container elementor-column-gap-default\">\n\t\t\t\t\t<div class=\"elementor-column elementor-col-100 elementor-top-column elementor-element elementor-element-eb7c50a\" data-id=\"eb7c50a\" data-element_type=\"column\">\n\t\t\t<div class=\"elementor-widget-wrap\">\n\t\t\t\t\t\t\t\t\t<\/div>\n\t\t<\/div>\n\t\t\t\t\t\t\t<\/div>\n\t\t<\/section>\n\t\t\t\t<section class=\"elementor-section elementor-top-section elementor-element elementor-element-0ee6bf4 elementor-section-full_width qodef-elementor-content-grid elementor-section-height-default elementor-section-height-default\" data-id=\"0ee6bf4\" data-element_type=\"section\">\n\t\t\t\t\t\t<div class=\"elementor-container elementor-column-gap-default\">\n\t\t\t\t\t<div class=\"elementor-column elementor-col-100 elementor-top-column elementor-element elementor-element-4f58013\" data-id=\"4f58013\" data-element_type=\"column\">\n\t\t\t<div class=\"elementor-widget-wrap elementor-element-populated\">\n\t\t\t\t\t\t\t\t<div class=\"elementor-element elementor-element-94d639a elementor-widget elementor-widget-chateau_core_section_title\" data-id=\"94d639a\" data-element_type=\"widget\" data-widget_type=\"chateau_core_section_title.default\">\n\t\t\t\t<div class=\"elementor-widget-container\">\n\t\t\t<div class=\"qodef-shortcode qodef-m  qodef-section-title qodef-alignment--center \">\n\t\t<h1 class=\"qodef-m-title\" >\n\t\t\t\t\tOur expertise\t\t\t<\/h1>\n\t<div class=\"qodef-m-subtitle-content qodef--has-appear\" >\n\t<div class=\"qodef-m-subtitle-line-one\" ><\/div>\n\t\t\t<p class=\"qodef-m-subtitle\" style=\"margin-left: 25px;margin-right: 25px\">Wine merchant and bottler<\/p>\n\t\t<div class=\"qodef-m-subtitle-line-two\" ><\/div>\n<\/div>\n\t<\/div>\n\t\t<\/div>\n\t\t\t\t<\/div>\n\t\t\t\t\t<\/div>\n\t\t<\/div>\n\t\t\t\t\t\t\t<\/div>\n\t\t<\/section>\n\t\t\t\t<section class=\"elementor-section elementor-top-section elementor-element elementor-element-c884ee1 elementor-section-full_width qodef-elementor-content-grid elementor-section-height-default elementor-section-height-default\" data-id=\"c884ee1\" data-element_type=\"section\">\n\t\t\t\t\t\t<div class=\"elementor-container elementor-column-gap-default\">\n\t\t\t\t\t<div class=\"elementor-column elementor-col-50 elementor-top-column elementor-element elementor-element-7296db5\" data-id=\"7296db5\" data-element_type=\"column\">\n\t\t\t<div class=\"elementor-widget-wrap elementor-element-populated\">\n\t\t\t\t\t\t\t\t<div class=\"elementor-element elementor-element-0835296 elementor-widget__width-initial elementor-widget-mobile__width-inherit elementor-widget-tablet__width-inherit elementor-widget elementor-widget-chateau_core_section_title\" data-id=\"0835296\" data-element_type=\"widget\" data-widget_type=\"chateau_core_section_title.default\">\n\t\t\t\t<div class=\"elementor-widget-container\">\n\t\t\t<div class=\"qodef-shortcode qodef-m  qodef-section-title qodef-alignment--left \">\n\t\t<h2 class=\"qodef-m-title\" >\n\t\t\t\t\tWine merchant\t\t\t<\/h2>\n\t<div class=\"qodef-m-subtitle-content qodef--has-appear\" style=\"margin-top: 14px\">\n\t<div class=\"qodef-m-subtitle-line-one\" style=\"width: 25px;background-color: #354C04\"><\/div>\n\t\t\t<p class=\"qodef-m-subtitle\" style=\"margin-left: 6px\">Wine selection at the estate<\/p>\n\t\t<div class=\"qodef-m-subtitle-line-two\" style=\"display: none;\"><\/div>\n<\/div>\n\t<\/div>\n\t\t<\/div>\n\t\t\t\t<\/div>\n\t\t\t\t<div class=\"elementor-element elementor-element-b890e24 elementor-widget__width-initial elementor-widget-mobile__width-inherit elementor-widget elementor-widget-text-editor\" data-id=\"b890e24\" data-element_type=\"widget\" data-widget_type=\"text-editor.default\">\n\t\t\t\t<div class=\"elementor-widget-container\">\n\t\t\t<style>\/*! elementor - v3.12.1 - 02-04-2023 *\/\n.elementor-widget-text-editor.elementor-drop-cap-view-stacked .elementor-drop-cap{background-color:#69727d;color:#fff}.elementor-widget-text-editor.elementor-drop-cap-view-framed .elementor-drop-cap{color:#69727d;border:3px solid;background-color:transparent}.elementor-widget-text-editor:not(.elementor-drop-cap-view-default) .elementor-drop-cap{margin-top:8px}.elementor-widget-text-editor:not(.elementor-drop-cap-view-default) .elementor-drop-cap-letter{width:1em;height:1em}.elementor-widget-text-editor .elementor-drop-cap{float:left;text-align:center;line-height:1;font-size:50px}.elementor-widget-text-editor .elementor-drop-cap-letter{display:inline-block}<\/style>\t\t\t\tBy meeting winegrowers from different regions, we select our own wines to best meet our customers&#8217; needs.\u2028Over the years, we have built up a loyal network of partner winemakers, enabling us to offer quality wines on a long-term basis.\u2028To meet the demands and evolutions of the market, we are constantly sourcing new products.\u2028Our job is to discover people and terroirs, and to taste and select the wines we package.\nWe specialize in all the appellations of Bordeaux, Sud-Ouest, Languedoc Roussillon, Provence, the Rh\u00f4ne Valley and Spain.\t\t\t\t\t\t<\/div>\n\t\t\t\t<\/div>\n\t\t\t\t<div class=\"elementor-element elementor-element-4511ec8 elementor-widget elementor-widget-chateau_core_button\" data-id=\"4511ec8\" data-element_type=\"widget\" data-widget_type=\"chateau_core_button.default\">\n\t\t\t\t<div class=\"elementor-widget-container\">\n\t\t\t<a class=\"qodef-shortcode qodef-m  qodef-button qodef-layout--discontinuous  qodef-html--link\" href=\"\/en\/our-wines\" target=\"_self\"  >\n\t<span class=\"qodef-m-text\">Discover our wines<\/span>\n\t<span class=\"qodef-disc-btn qodef-disc-btn-top-left\"><\/span>\n\t<span class=\"qodef-disc-btn qodef-disc-btn-top-right\"><\/span>\n\t<span class=\"qodef-disc-btn qodef-disc-btn-right\"><\/span>\n\t<span class=\"qodef-disc-btn qodef-disc-btn-bottom-right\"><\/span>\n\t<span class=\"qodef-disc-btn qodef-disc-btn-bottom-left\"><\/span>\n\t<span class=\"qodef-disc-btn qodef-blob-btn-left\"><\/span>\n<\/a>\n\t\t<\/div>\n\t\t\t\t<\/div>\n\t\t\t\t\t<\/div>\n\t\t<\/div>\n\t\t\t\t<div class=\"elementor-column elementor-col-50 elementor-top-column elementor-element elementor-element-693cf5c\" data-id=\"693cf5c\" data-element_type=\"column\" data-settings=\"{&quot;background_background&quot;:&quot;classic&quot;}\">\n\t\t\t<div class=\"elementor-widget-wrap elementor-element-populated\">\n\t\t\t\t\t\t\t\t<div class=\"elementor-element elementor-element-46d7095 elementor-hidden-desktop elementor-widget elementor-widget-spacer\" data-id=\"46d7095\" data-element_type=\"widget\" data-widget_type=\"spacer.default\">\n\t\t\t\t<div class=\"elementor-widget-container\">\n\t\t\t<style>\/*! elementor - v3.12.1 - 02-04-2023 *\/\n.elementor-column .elementor-spacer-inner{height:var(--spacer-size)}.e-con{--container-widget-width:100%}.e-con-inner>.elementor-widget-spacer,.e-con>.elementor-widget-spacer{width:var(--container-widget-width,var(--spacer-size));--align-self:var(--container-widget-align-self,initial);--flex-shrink:0}.e-con-inner>.elementor-widget-spacer>.elementor-widget-container,.e-con-inner>.elementor-widget-spacer>.elementor-widget-container>.elementor-spacer,.e-con>.elementor-widget-spacer>.elementor-widget-container,.e-con>.elementor-widget-spacer>.elementor-widget-container>.elementor-spacer{height:100%}.e-con-inner>.elementor-widget-spacer>.elementor-widget-container>.elementor-spacer>.elementor-spacer-inner,.e-con>.elementor-widget-spacer>.elementor-widget-container>.elementor-spacer>.elementor-spacer-inner{height:var(--container-widget-height,var(--spacer-size))}<\/style>\t\t<div class=\"elementor-spacer\">\n\t\t\t<div class=\"elementor-spacer-inner\"><\/div>\n\t\t<\/div>\n\t\t\t\t<\/div>\n\t\t\t\t<\/div>\n\t\t\t\t\t<\/div>\n\t\t<\/div>\n\t\t\t\t\t\t\t<\/div>\n\t\t<\/section>\n\t\t\t\t<section class=\"elementor-section elementor-top-section elementor-element elementor-element-21ccd4c elementor-section-full_width qodef-elementor-content-grid elementor-section-height-default elementor-section-height-default\" data-id=\"21ccd4c\" data-element_type=\"section\" data-settings=\"{&quot;background_background&quot;:&quot;classic&quot;}\">\n\t\t\t\t\t\t<div class=\"elementor-container elementor-column-gap-default\">\n\t\t\t\t\t<div class=\"elementor-column elementor-col-33 elementor-top-column elementor-element elementor-element-cc8eb44\" data-id=\"cc8eb44\" data-element_type=\"column\">\n\t\t\t<div class=\"elementor-widget-wrap elementor-element-populated\">\n\t\t\t\t\t\t\t\t<div class=\"elementor-element elementor-element-c3882e5 elementor-widget elementor-widget-chateau_core_testimonials_list\" data-id=\"c3882e5\" data-element_type=\"widget\" data-widget_type=\"chateau_core_testimonials_list.default\">\n\t\t\t\t<div class=\"elementor-widget-container\">\n\t\t\t<div class=\"qodef-shortcode qodef-m  qodef-testimonials-list  qodef-grid qodef-layout--columns    qodef-col-num--1 qodef-item-layout--info-below   qodef-responsive--predefined\">\n    <div class=\"qodef-testimonials-quote\"><svg class=\"qodef-svg--quote\" xmlns=\"http:\/\/www.w3.org\/2000\/svg\" xmlns:xlink=\"http:\/\/www.w3.org\/1999\/xlink\" x=\"0px\" y=\"0px\"\r\n     viewBox=\"46.09 -59.88 35.89 14.4\" style=\"enable-background:new 46.09 -59.88 35.89 14.4;\" xml:space=\"preserve\"><g><path class=\"st0\" d=\"M47.17-45.55l-1.02-1.36l13.77-11.81c0.57-0.45,1.06-0.75,1.49-0.89c0.42-0.14,0.84-0.21,1.23-0.21\r\n\t\tc0.74,0,1.35,0.24,1.83,0.72c0.48,0.48,0.72,1.03,0.72,1.66c0,0.51-0.18,1.03-0.55,1.57c-0.37,0.54-1.01,1.06-1.91,1.57\r\n\t\tL47.17-45.55z M63.92-45.55l-1.02-1.36l13.77-11.81c0.57-0.45,1.06-0.75,1.49-0.89c0.42-0.14,0.84-0.21,1.23-0.21\r\n\t\tc0.74,0,1.35,0.24,1.83,0.72c0.48,0.48,0.72,1.03,0.72,1.66c0,0.51-0.18,1.03-0.55,1.57c-0.37,0.54-1.01,1.06-1.91,1.57\r\n\t\tL63.92-45.55z\"><\/path><\/g><\/svg><\/div>\n\n\t<div class=\"qodef-grid-inner\">\n\t\t<div class=\"qodef-e qodef-grid-item \">\n\t<div class=\"qodef-e-inner\">\n\t\t\t\t<div class=\"qodef-e-content\">\n\t\t\t\t\t\t\t<h5 itemprop=\"description\" class=\"qodef-e-text\">The wine business is our passion, which demands know-how, respect and humility<\/h5>\n\t\t\t\t\t<\/div>\n\t<\/div>\n<\/div>\n\t<\/div>\n<\/div>\n\t\t<\/div>\n\t\t\t\t<\/div>\n\t\t\t\t\t<\/div>\n\t\t<\/div>\n\t\t\t\t<div class=\"elementor-column elementor-col-33 elementor-top-column elementor-element elementor-element-5b7b50a\" data-id=\"5b7b50a\" data-element_type=\"column\">\n\t\t\t<div class=\"elementor-widget-wrap elementor-element-populated\">\n\t\t\t\t\t\t\t\t<div class=\"elementor-element elementor-element-3b3bcb4 elementor-widget__width-auto elementor-widget elementor-widget-chateau_core_single_image\" data-id=\"3b3bcb4\" data-element_type=\"widget\" data-widget_type=\"chateau_core_single_image.default\">\n\t\t\t\t<div class=\"elementor-widget-container\">\n\t\t\t<div class=\"qodef-shortcode qodef-m  qodef-single-image qodef-layout--default  \">\n\t<\/div>\n\t\t<\/div>\n\t\t\t\t<\/div>\n\t\t\t\t\t<\/div>\n\t\t<\/div>\n\t\t\t\t<div class=\"elementor-column elementor-col-33 elementor-top-column elementor-element elementor-element-62cd160\" data-id=\"62cd160\" data-element_type=\"column\">\n\t\t\t<div class=\"elementor-widget-wrap elementor-element-populated\">\n\t\t\t\t\t\t\t\t<div class=\"elementor-element elementor-element-cd8dbf2 elementor-widget elementor-widget-chateau_core_testimonials_list\" data-id=\"cd8dbf2\" data-element_type=\"widget\" data-widget_type=\"chateau_core_testimonials_list.default\">\n\t\t\t\t<div class=\"elementor-widget-container\">\n\t\t\t<div class=\"qodef-shortcode qodef-m  qodef-testimonials-list  qodef-grid qodef-layout--columns    qodef-col-num--1 qodef-item-layout--info-below   qodef-responsive--predefined\">\n    <div class=\"qodef-testimonials-quote\"><svg class=\"qodef-svg--quote\" xmlns=\"http:\/\/www.w3.org\/2000\/svg\" xmlns:xlink=\"http:\/\/www.w3.org\/1999\/xlink\" x=\"0px\" y=\"0px\"\r\n     viewBox=\"46.09 -59.88 35.89 14.4\" style=\"enable-background:new 46.09 -59.88 35.89 14.4;\" xml:space=\"preserve\"><g><path class=\"st0\" d=\"M47.17-45.55l-1.02-1.36l13.77-11.81c0.57-0.45,1.06-0.75,1.49-0.89c0.42-0.14,0.84-0.21,1.23-0.21\r\n\t\tc0.74,0,1.35,0.24,1.83,0.72c0.48,0.48,0.72,1.03,0.72,1.66c0,0.51-0.18,1.03-0.55,1.57c-0.37,0.54-1.01,1.06-1.91,1.57\r\n\t\tL47.17-45.55z M63.92-45.55l-1.02-1.36l13.77-11.81c0.57-0.45,1.06-0.75,1.49-0.89c0.42-0.14,0.84-0.21,1.23-0.21\r\n\t\tc0.74,0,1.35,0.24,1.83,0.72c0.48,0.48,0.72,1.03,0.72,1.66c0,0.51-0.18,1.03-0.55,1.57c-0.37,0.54-1.01,1.06-1.91,1.57\r\n\t\tL63.92-45.55z\"><\/path><\/g><\/svg><\/div>\n\n\t<div class=\"qodef-grid-inner\">\n\t\t<div class=\"qodef-e qodef-grid-item \">\n\t<div class=\"qodef-e-inner\">\n\t\t\t\t<div class=\"qodef-e-content\">\n\t\t\t\t\t\t\t<h5 itemprop=\"description\" class=\"qodef-e-text\">For 4 generations, we&#039;ve been serving our customers<\/h5>\n\t\t\t\t\t<\/div>\n\t<\/div>\n<\/div>\n\t<\/div>\n<\/div>\n\t\t<\/div>\n\t\t\t\t<\/div>\n\t\t\t\t\t<\/div>\n\t\t<\/div>\n\t\t\t\t\t\t\t<\/div>\n\t\t<\/section>\n\t\t\t\t<section class=\"elementor-section elementor-top-section elementor-element elementor-element-eb56471 elementor-section-full_width qodef-elementor-content-grid elementor-section-height-default elementor-section-height-default\" data-id=\"eb56471\" data-element_type=\"section\">\n\t\t\t\t\t\t<div class=\"elementor-container elementor-column-gap-default\">\n\t\t\t\t\t<div class=\"elementor-column elementor-col-50 elementor-top-column elementor-element elementor-element-05eba99\" data-id=\"05eba99\" data-element_type=\"column\" data-settings=\"{&quot;background_background&quot;:&quot;classic&quot;}\">\n\t\t\t<div class=\"elementor-widget-wrap elementor-element-populated\">\n\t\t\t\t\t\t\t\t<div class=\"elementor-element elementor-element-84a4317 elementor-hidden-desktop elementor-widget elementor-widget-spacer\" data-id=\"84a4317\" data-element_type=\"widget\" data-widget_type=\"spacer.default\">\n\t\t\t\t<div class=\"elementor-widget-container\">\n\t\t\t\t\t<div class=\"elementor-spacer\">\n\t\t\t<div class=\"elementor-spacer-inner\"><\/div>\n\t\t<\/div>\n\t\t\t\t<\/div>\n\t\t\t\t<\/div>\n\t\t\t\t\t<\/div>\n\t\t<\/div>\n\t\t\t\t<div class=\"elementor-column elementor-col-50 elementor-top-column elementor-element elementor-element-f032241\" data-id=\"f032241\" data-element_type=\"column\">\n\t\t\t<div class=\"elementor-widget-wrap elementor-element-populated\">\n\t\t\t\t\t\t\t\t<div class=\"elementor-element elementor-element-deb5e1a elementor-widget__width-initial elementor-widget-mobile__width-inherit elementor-widget-tablet__width-inherit elementor-widget elementor-widget-chateau_core_section_title\" data-id=\"deb5e1a\" data-element_type=\"widget\" data-widget_type=\"chateau_core_section_title.default\">\n\t\t\t\t<div class=\"elementor-widget-container\">\n\t\t\t<div class=\"qodef-shortcode qodef-m  qodef-section-title qodef-alignment--left \">\n\t\t<h2 class=\"qodef-m-title\" >\n\t\t\t\t\tBottling\t\t\t<\/h2>\n\t<div class=\"qodef-m-subtitle-content qodef--has-appear\" style=\"margin-top: 14px\">\n\t<div class=\"qodef-m-subtitle-line-one\" style=\"width: 25px;background-color: #354C04\"><\/div>\n\t\t\t<p class=\"qodef-m-subtitle\" style=\"margin-left: 6px\">Packaging in different shapes and sizes<\/p>\n\t\t<div class=\"qodef-m-subtitle-line-two\" style=\"display: none;\"><\/div>\n<\/div>\n\t<\/div>\n\t\t<\/div>\n\t\t\t\t<\/div>\n\t\t\t\t<div class=\"elementor-element elementor-element-6c877c7 elementor-widget__width-initial elementor-widget-tablet__width-inherit elementor-widget-mobile__width-inherit elementor-widget elementor-widget-text-editor\" data-id=\"6c877c7\" data-element_type=\"widget\" data-widget_type=\"text-editor.default\">\n\t\t\t\t<div class=\"elementor-widget-container\">\n\t\t\t\t\t\t\t<p>Our bottling site is equipped with three production lines on which we can package different formats: Bordeaux bottle, Burgundy, engraved, union (N\u00eemoise, Rhodanienne, Croix du Languedoc&#8230;) conical, screw-top, Marie Jeanne, PET, Bag-In-Box, etc&#8230;<br \/>We are able to bottle different capacities: 37.5cl, 50 cl, 75cl, liter, magnum and large formats: 2L, 3L, 5L, 10L, 20L.<br \/>We package wines from France and Spain, in AOP, IGP, VDF and EUW. We also offer sweetened wines and wine-based flavored drinks.<br \/>Our strength is custom bottling, responding to the demands and needs of each market: personalized packaging, own brands, O.E.M., dedicated brands&#8230;<\/p>\t\t\t\t\t\t<\/div>\n\t\t\t\t<\/div>\n\t\t\t\t\t<\/div>\n\t\t<\/div>\n\t\t\t\t\t\t\t<\/div>\n\t\t<\/section>\n\t\t\t\t\t\t\t<\/div>\n\t\t","protected":false},"excerpt":{"rendered":"<p>Our expertise Wine merchant and bottler Wine merchant Wine selection at the estate By meeting winegrowers from different regions, we select our own wines to best meet our customers&#8217; needs.\u2028Over the years, we have built up a loyal network of partner winemakers, enabling us to offer quality wines on a long-term basis.\u2028To meet the demands [&hellip;]<\/p>\n","protected":false},"author":1,"featured_media":0,"parent":0,"menu_order":0,"comment_status":"closed","ping_status":"closed","template":"page-full-width.php","meta":{"_seopress_robots_primary_cat":"","_seopress_titles_title":"Maison DUPRAT | N\u00e9gociant embouteilleur en vins","_seopress_titles_desc":"Entre tradition viticole et innovation, d\u00e9couvrez nos m\u00e9tiers et notre passion qui exige savoir faire, respect et humilit\u00e9.","_seopress_robots_index":""},"_links":{"self":[{"href":"https:\/\/maisonduprat.com\/en\/wp-json\/wp\/v2\/pages\/11452"}],"collection":[{"href":"https:\/\/maisonduprat.com\/en\/wp-json\/wp\/v2\/pages"}],"about":[{"href":"https:\/\/maisonduprat.com\/en\/wp-json\/wp\/v2\/types\/page"}],"author":[{"embeddable":true,"href":"https:\/\/maisonduprat.com\/en\/wp-json\/wp\/v2\/users\/1"}],"replies":[{"embeddable":true,"href":"https:\/\/maisonduprat.com\/en\/wp-json\/wp\/v2\/comments?post=11452"}],"version-history":[{"count":16,"href":"https:\/\/maisonduprat.com\/en\/wp-json\/wp\/v2\/pages\/11452\/revisions"}],"predecessor-version":[{"id":11576,"href":"https:\/\/maisonduprat.com\/en\/wp-json\/wp\/v2\/pages\/11452\/revisions\/11576"}],"wp:attachment":[{"href":"https:\/\/maisonduprat.com\/en\/wp-json\/wp\/v2\/media?parent=11452"}],"curies":[{"name":"wp","href":"https:\/\/api.w.org\/{rel}","templated":true}]}}