{"id":11450,"date":"2023-04-20T06:48:11","date_gmt":"2023-04-20T06:48:11","guid":{"rendered":"https:\/\/maisonduprat.com\/qui-sommes-nous\/"},"modified":"2025-07-28T13:29:03","modified_gmt":"2025-07-28T13:29:03","slug":"about-us","status":"publish","type":"page","link":"https:\/\/maisonduprat.com\/en\/about-us\/","title":{"rendered":"About us"},"content":{"rendered":"\t\t<div data-elementor-type=\"wp-page\" data-elementor-id=\"11450\" class=\"elementor elementor-11450 elementor-9952\">\n\t\t\t\t\t\t\t\t\t<section class=\"elementor-section elementor-top-section elementor-element elementor-element-691f118 elementor-section-full_width elementor-section-height-min-height elementor-section-height-default elementor-section-items-middle\" data-id=\"691f118\" data-element_type=\"section\" data-settings=\"{&quot;background_background&quot;:&quot;classic&quot;}\">\n\t\t\t\t\t\t<div class=\"elementor-container elementor-column-gap-default\">\n\t\t\t\t\t<div class=\"elementor-column elementor-col-100 elementor-top-column elementor-element elementor-element-8b6861d\" data-id=\"8b6861d\" data-element_type=\"column\">\n\t\t\t<div class=\"elementor-widget-wrap\">\n\t\t\t\t\t\t\t\t\t<\/div>\n\t\t<\/div>\n\t\t\t\t\t\t\t<\/div>\n\t\t<\/section>\n\t\t\t\t<section class=\"elementor-section elementor-top-section elementor-element elementor-element-b432cb3 elementor-section-full_width qodef-elementor-content-grid elementor-section-height-default elementor-section-height-default\" data-id=\"b432cb3\" data-element_type=\"section\">\n\t\t\t\t\t\t<div class=\"elementor-container elementor-column-gap-wider\">\n\t\t\t\t\t<div class=\"elementor-column elementor-col-50 elementor-top-column elementor-element elementor-element-6616d92\" data-id=\"6616d92\" data-element_type=\"column\">\n\t\t\t<div class=\"elementor-widget-wrap elementor-element-populated\">\n\t\t\t\t\t\t\t\t<div class=\"elementor-element elementor-element-2225597 elementor-widget-mobile__width-inherit elementor-widget elementor-widget-chateau_core_section_title\" data-id=\"2225597\" data-element_type=\"widget\" data-widget_type=\"chateau_core_section_title.default\">\n\t\t\t\t<div class=\"elementor-widget-container\">\n\t\t\t<div class=\"qodef-shortcode qodef-m  qodef-section-title qodef-alignment--left \">\n\t\t<h2 class=\"qodef-m-title\" >\n\t\t\t\t\tA family story\t\t\t<\/h2>\n\t<div class=\"qodef-m-subtitle-content qodef--has-appear\" >\n\t<div class=\"qodef-m-subtitle-line-one\" style=\"width: 25px;background-color: #354C04\"><\/div>\n\t\t\t<p class=\"qodef-m-subtitle\" style=\"margin-left: 6px;color: #354D04\">Generation after generation<\/p>\n\t\t<div class=\"qodef-m-subtitle-line-two\" style=\"display: none;\"><\/div>\n<\/div>\n\t<\/div>\n\t\t<\/div>\n\t\t\t\t<\/div>\n\t\t\t\t<div class=\"elementor-element elementor-element-b480150 elementor-widget elementor-widget-chateau_core_image_gallery\" data-id=\"b480150\" data-element_type=\"widget\" data-widget_type=\"chateau_core_image_gallery.default\">\n\t\t\t\t<div class=\"elementor-widget-container\">\n\t\t\t<div class=\"qodef-shortcode qodef-m  qodef-image-gallery   qodef--has-appear qodef-grid qodef-swiper-container    qodef-col-num--1    qodef-responsive--predefined qodef-swiper--show-pagination\"  data-options=\"{&quot;spaceBetween&quot;:0,&quot;slidesPerView&quot;:&quot;1&quot;,&quot;loop&quot;:true,&quot;autoplay&quot;:true,&quot;speed&quot;:&quot;2000&quot;,&quot;speedAnimation&quot;:&quot;&quot;,&quot;slideAnimation&quot;:&quot;&quot;,&quot;direction&quot;:&quot;&quot;,&quot;centeredSlides&quot;:&quot;&quot;,&quot;sliderScroll&quot;:&quot;&quot;,&quot;loopAdditionalSlides&quot;:&quot;&quot;,&quot;paginationType&quot;:&quot;&quot;}\">\n\t<div class=\"swiper-wrapper\">\n\t\t<div class=\"qodef-e qodef-image-wrapper swiper-slide \">\n\t\t\t<img width=\"1226\" height=\"844\" src=\"https:\/\/maisonduprat.com\/wp-content\/uploads\/2023\/08\/maison-duprat-histoire-1.jpg\" class=\"attachment-full size-full\" alt=\"Maison Duprat\" decoding=\"async\" loading=\"eager\" srcset=\"https:\/\/maisonduprat.com\/wp-content\/uploads\/2023\/08\/maison-duprat-histoire-1.jpg 1226w, https:\/\/maisonduprat.com\/wp-content\/uploads\/2023\/08\/maison-duprat-histoire-1-300x207.jpg 300w, https:\/\/maisonduprat.com\/wp-content\/uploads\/2023\/08\/maison-duprat-histoire-1-1024x705.jpg 1024w, https:\/\/maisonduprat.com\/wp-content\/uploads\/2023\/08\/maison-duprat-histoire-1-768x529.jpg 768w\" sizes=\"(max-width: 1226px) 100vw, 1226px\" \/>\t<\/div>\n<div class=\"qodef-e qodef-image-wrapper swiper-slide \">\n\t\t\t<img width=\"1226\" height=\"844\" src=\"https:\/\/maisonduprat.com\/wp-content\/uploads\/2023\/08\/maison-duprat-histoire.jpg\" class=\"attachment-full size-full\" alt=\"Maison Duprat\" decoding=\"async\" loading=\"eager\" srcset=\"https:\/\/maisonduprat.com\/wp-content\/uploads\/2023\/08\/maison-duprat-histoire.jpg 1226w, https:\/\/maisonduprat.com\/wp-content\/uploads\/2023\/08\/maison-duprat-histoire-300x207.jpg 300w, https:\/\/maisonduprat.com\/wp-content\/uploads\/2023\/08\/maison-duprat-histoire-1024x705.jpg 1024w, https:\/\/maisonduprat.com\/wp-content\/uploads\/2023\/08\/maison-duprat-histoire-768x529.jpg 768w\" sizes=\"(max-width: 1226px) 100vw, 1226px\" \/>\t<\/div>\n\t<\/div>\n\t\t<div class=\"swiper-button-prev \"><svg class=\"qodef-svg--slider-arrow-left\" xmlns='http:\/\/www.w3.org\/2000\/svg' x='0px' y='0px' width='38px' height='84px' viewBox='0 0 33.6 65.79'><polyline fill='none' stroke='currentColor' stroke-width='1.2' stroke-miterlimit='10' points='33.28 0.41 0.75 32.94 33.22 65.41'\/><\/svg><\/div>\n\t<div class=\"swiper-button-next \"><svg class=\"qodef-svg--slider-arrow-right\" xmlns='http:\/\/www.w3.org\/2000\/svg' x='0px' y='0px' width='38px' height='84px' viewBox='0 0 33.67 65.82'><polyline fill='none' stroke='currentColor' stroke-width='1.2' stroke-miterlimit='10' points='0.39 0.39 32.91 32.91 0.44 65.39'\/><\/svg><\/div>\n\t\t<div class=\"swiper-pagination\"><\/div>\n<\/div>\n\t\t<\/div>\n\t\t\t\t<\/div>\n\t\t\t\t\t<\/div>\n\t\t<\/div>\n\t\t\t\t<div class=\"elementor-column elementor-col-50 elementor-top-column elementor-element elementor-element-963b74c\" data-id=\"963b74c\" data-element_type=\"column\">\n\t\t\t<div class=\"elementor-widget-wrap elementor-element-populated\">\n\t\t\t\t\t\t\t\t<div class=\"elementor-element elementor-element-c004d4e elementor-widget-tablet__width-inherit elementor-widget-mobile__width-inherit elementor-widget elementor-widget-text-editor\" data-id=\"c004d4e\" data-element_type=\"widget\" data-widget_type=\"text-editor.default\">\n\t\t\t\t<div class=\"elementor-widget-container\">\n\t\t\t<style>\/*! elementor - v3.12.1 - 02-04-2023 *\/\n.elementor-widget-text-editor.elementor-drop-cap-view-stacked .elementor-drop-cap{background-color:#69727d;color:#fff}.elementor-widget-text-editor.elementor-drop-cap-view-framed .elementor-drop-cap{color:#69727d;border:3px solid;background-color:transparent}.elementor-widget-text-editor:not(.elementor-drop-cap-view-default) .elementor-drop-cap{margin-top:8px}.elementor-widget-text-editor:not(.elementor-drop-cap-view-default) .elementor-drop-cap-letter{width:1em;height:1em}.elementor-widget-text-editor .elementor-drop-cap{float:left;text-align:center;line-height:1;font-size:50px}.elementor-widget-text-editor .elementor-drop-cap-letter{display:inline-block}<\/style>\t\t\t\t<p><span style=\"font-weight: 400;\">For over a century, from generation to generation, we have been wine merchants and bottlers.<\/span><\/p><p><span style=\"font-weight: 400;\">Maison Duprat was founded in 1905 as a wine merchant. Since then, four generations have succeeded one another, and each has made its own contribution.<\/span><\/p><p><span style=\"font-weight: 400;\"> The wine business is our passion, requiring know-how, respect and humility. As partners in the wine industry, we uphold the values of our region by serving our customers.<\/span><\/p><p><span style=\"font-weight: 400;\"> Today, proud of the work accomplished over four generations, we have invested in a new bottling center, enabling us to meet the demands of our international and French customers.<\/span><\/p>\t\t\t\t\t\t<\/div>\n\t\t\t\t<\/div>\n\t\t\t\t\t<\/div>\n\t\t<\/div>\n\t\t\t\t\t\t\t<\/div>\n\t\t<\/section>\n\t\t\t\t<section class=\"elementor-section elementor-top-section elementor-element elementor-element-4fe6a55 elementor-section-full_width elementor-section-height-default elementor-section-height-default\" data-id=\"4fe6a55\" data-element_type=\"section\">\n\t\t\t\t\t\t<div class=\"elementor-container elementor-column-gap-default\">\n\t\t\t\t\t<div class=\"elementor-column elementor-col-100 elementor-top-column elementor-element elementor-element-5594805\" data-id=\"5594805\" data-element_type=\"column\">\n\t\t\t<div class=\"elementor-widget-wrap elementor-element-populated\">\n\t\t\t\t\t\t\t\t<div class=\"elementor-element elementor-element-05afc03 elementor-widget elementor-widget-chateau_core_horizontal_timeline\" data-id=\"05afc03\" data-element_type=\"widget\" data-widget_type=\"chateau_core_horizontal_timeline.default\">\n\t\t\t\t<div class=\"elementor-widget-container\">\n\t\t\t<div class=\"qodef-shortcode qodef-m  qodef-horizontal-timeline\">\n\t<div class=\"qodef-m-line\"><\/div>\n\t\t\t<div class=\"qodef-m-inner clearfix\">\n\t\t\t\t\t\t\t<div class=\"qodef-e-item qodef-e qodef--selected\">\n\t\t\t\t\t<div class=\"qodef-e-image-holder\">\n\t\t\t\t\t\t<img width=\"86\" height=\"84\" src=\"https:\/\/maisonduprat.com\/wp-content\/uploads\/2022\/12\/h2-png1.png\" class=\"attachment-full size-full\" alt=\"a\" decoding=\"async\" loading=\"lazy\" \/>\t\t\t\t\t<\/div>\n\t\t\t\t\t<div class=\"qodef-e-content\">\n\t\t\t\t\t\t\t\t\t\t\t\t\t<h5 class=\"qodef-e-date-range\">1905 \u21c0<\/h5>\n\t\t\t\t\t\t\t\t\t\t\t\t\t\t\t\t\t\t\t<p class=\"qodef-e-title\">Founding of the company<\/p>\n\t\t\t\t\t\t\t\t\t\t\t\t\t\t\t\t\t\t\t<p class=\"qodef-e-text\">The story begins when Gaston Duprat and his wife Justine set up a wine trading business in Boucau.<\/p>\n\t\t\t\t\t\t\t\t\t\t\t<\/div>\n\t\t\t\t<\/div>\n\t\t\t\t\t\t\t<div class=\"qodef-e-item qodef-e \">\n\t\t\t\t\t<div class=\"qodef-e-image-holder\">\n\t\t\t\t\t\t<img width=\"86\" height=\"84\" src=\"https:\/\/maisonduprat.com\/wp-content\/uploads\/2022\/12\/h2-png1.png\" class=\"attachment-full size-full\" alt=\"a\" decoding=\"async\" loading=\"lazy\" \/>\t\t\t\t\t<\/div>\n\t\t\t\t\t<div class=\"qodef-e-content\">\n\t\t\t\t\t\t\t\t\t\t\t\t\t<h5 class=\"qodef-e-date-range\">\u21bc 1930 \u21c0<\/h5>\n\t\t\t\t\t\t\t\t\t\t\t\t\t\t\t\t\t\t\t<p class=\"qodef-e-title\">Second generation<\/p>\n\t\t\t\t\t\t\t\t\t\t\t\t\t\t\t\t\t\t\t<p class=\"qodef-e-text\">His son Joseph takes over his father&#039;s business. Taking advantage of their sporting reputation (rugby), he and his two brothers set out to conquer the beverage distribution establishments of the Basque Coast.<\/p>\n\t\t\t\t\t\t\t\t\t\t\t<\/div>\n\t\t\t\t<\/div>\n\t\t\t\t\t\t\t<div class=\"qodef-e-item qodef-e \">\n\t\t\t\t\t<div class=\"qodef-e-image-holder\">\n\t\t\t\t\t\t<img width=\"86\" height=\"84\" src=\"https:\/\/maisonduprat.com\/wp-content\/uploads\/2022\/12\/h2-png1.png\" class=\"attachment-full size-full\" alt=\"a\" decoding=\"async\" loading=\"lazy\" \/>\t\t\t\t\t<\/div>\n\t\t\t\t\t<div class=\"qodef-e-content\">\n\t\t\t\t\t\t\t\t\t\t\t\t\t<h5 class=\"qodef-e-date-range\">\u21bc 1945-1975 \u21c0<\/h5>\n\t\t\t\t\t\t\t\t\t\t\t\t\t\t\t\t\t\t\t<p class=\"qodef-e-title\">Expanded distribution<\/p>\n\t\t\t\t\t\t\t\t\t\t\t\t\t\t\t\t\t\t\t<p class=\"qodef-e-text\">The &quot;Glorious Thirties&quot; bring a very high level of activity. The distribution area extends throughout the Basque Country and the Landes region.<\/p>\n\t\t\t\t\t\t\t\t\t\t\t<\/div>\n\t\t\t\t<\/div>\n\t\t\t\t\t\t\t<div class=\"qodef-e-item qodef-e \">\n\t\t\t\t\t<div class=\"qodef-e-image-holder\">\n\t\t\t\t\t\t<img width=\"86\" height=\"84\" src=\"https:\/\/maisonduprat.com\/wp-content\/uploads\/2022\/12\/h2-png1.png\" class=\"attachment-full size-full\" alt=\"a\" decoding=\"async\" loading=\"lazy\" \/>\t\t\t\t\t<\/div>\n\t\t\t\t\t<div class=\"qodef-e-content\">\n\t\t\t\t\t\t\t\t\t\t\t\t\t<h5 class=\"qodef-e-date-range\">\u21bc 1980 \u21c0<\/h5>\n\t\t\t\t\t\t\t\t\t\t\t\t\t\t\t\t\t\t\t<p class=\"qodef-e-title\">Change of strategy<\/p>\n\t\t\t\t\t\t\t\t\t\t\t\t\t\t\t\t\t\t\t<p class=\"qodef-e-text\">The third generation refocuses on its core bottling business and becomes a major supplier to regional retailers.<\/p>\n\t\t\t\t\t\t\t\t\t\t\t<\/div>\n\t\t\t\t<\/div>\n\t\t\t\t\t\t\t<div class=\"qodef-e-item qodef-e \">\n\t\t\t\t\t<div class=\"qodef-e-image-holder\">\n\t\t\t\t\t\t<img width=\"86\" height=\"84\" src=\"https:\/\/maisonduprat.com\/wp-content\/uploads\/2022\/12\/h2-png1.png\" class=\"attachment-full size-full\" alt=\"a\" decoding=\"async\" loading=\"lazy\" \/>\t\t\t\t\t<\/div>\n\t\t\t\t\t<div class=\"qodef-e-content\">\n\t\t\t\t\t\t\t\t\t\t\t\t\t<h5 class=\"qodef-e-date-range\">\u21bc 2000 \u21c0<\/h5>\n\t\t\t\t\t\t\t\t\t\t\t\t\t\t\t\t\t\t\t<p class=\"qodef-e-title\">Fourth generation<\/p>\n\t\t\t\t\t\t\t\t\t\t\t\t\t\t\t\t\t\t\t<p class=\"qodef-e-text\">The development of the export business opens up new prospects.<\/p>\n\t\t\t\t\t\t\t\t\t\t\t<\/div>\n\t\t\t\t<\/div>\n\t\t\t\t\t\t\t<div class=\"qodef-e-item qodef-e \">\n\t\t\t\t\t<div class=\"qodef-e-image-holder\">\n\t\t\t\t\t\t<img width=\"86\" height=\"84\" src=\"https:\/\/maisonduprat.com\/wp-content\/uploads\/2022\/12\/h2-png1.png\" class=\"attachment-full size-full\" alt=\"a\" decoding=\"async\" loading=\"lazy\" \/>\t\t\t\t\t<\/div>\n\t\t\t\t\t<div class=\"qodef-e-content\">\n\t\t\t\t\t\t\t\t\t\t\t\t\t<h5 class=\"qodef-e-date-range\">\u21bc 2020-2022<\/h5>\n\t\t\t\t\t\t\t\t\t\t\t\t\t\t\t\t\t\t\t<p class=\"qodef-e-title\">New bottling center<\/p>\n\t\t\t\t\t\t\t\t\t\t\t\t\t\t\t\t\t\t\t<p class=\"qodef-e-text\">Creation of a new bottling center to meet the demands of our international and French customers.<\/p>\n\t\t\t\t\t\t\t\t\t\t\t<\/div>\n\t\t\t\t<\/div>\n\t\t\t\t\t\t<div class=\"qodef-following-line\"><\/div>\n\t\t<\/div>\n\t<\/div>\n\t\t<\/div>\n\t\t\t\t<\/div>\n\t\t\t\t\t<\/div>\n\t\t<\/div>\n\t\t\t\t\t\t\t<\/div>\n\t\t<\/section>\n\t\t\t\t<section class=\"elementor-section elementor-top-section elementor-element elementor-element-7f7ba1b elementor-section-full_width elementor-section-height-min-height elementor-section-height-default elementor-section-items-middle\" data-id=\"7f7ba1b\" data-element_type=\"section\" data-settings=\"{&quot;background_background&quot;:&quot;classic&quot;}\">\n\t\t\t\t\t\t<div class=\"elementor-container elementor-column-gap-default\">\n\t\t\t\t\t<div class=\"elementor-column elementor-col-100 elementor-top-column elementor-element elementor-element-f3f75f4\" data-id=\"f3f75f4\" data-element_type=\"column\">\n\t\t\t<div class=\"elementor-widget-wrap\">\n\t\t\t\t\t\t\t\t\t<\/div>\n\t\t<\/div>\n\t\t\t\t\t\t\t<\/div>\n\t\t<\/section>\n\t\t\t\t\t\t\t<\/div>\n\t\t","protected":false},"excerpt":{"rendered":"<p>A family story Generation after generation For over a century, from generation to generation, we have been wine merchants and bottlers. Maison Duprat was founded in 1905 as a wine merchant. Since then, four generations have succeeded one another, and each has made its own contribution. The wine business is our passion, requiring know-how, respect [&hellip;]<\/p>\n","protected":false},"author":1,"featured_media":0,"parent":0,"menu_order":0,"comment_status":"closed","ping_status":"closed","template":"page-full-width.php","meta":{"_seopress_robots_primary_cat":"","_seopress_titles_title":"Maison DUPRAT | Le m\u00e9tier du vin est notre passion","_seopress_titles_desc":"C\u2019est en 1905 que na\u00eet la Maison Duprat autour d\u2019un commerce de vins, de g\u00e9n\u00e9ration en g\u00e9n\u00e9ration, nous sommes n\u00e9gociants et embouteilleurs en vins.","_seopress_robots_index":""},"_links":{"self":[{"href":"https:\/\/maisonduprat.com\/en\/wp-json\/wp\/v2\/pages\/11450"}],"collection":[{"href":"https:\/\/maisonduprat.com\/en\/wp-json\/wp\/v2\/pages"}],"about":[{"href":"https:\/\/maisonduprat.com\/en\/wp-json\/wp\/v2\/types\/page"}],"author":[{"embeddable":true,"href":"https:\/\/maisonduprat.com\/en\/wp-json\/wp\/v2\/users\/1"}],"replies":[{"embeddable":true,"href":"https:\/\/maisonduprat.com\/en\/wp-json\/wp\/v2\/comments?post=11450"}],"version-history":[{"count":10,"href":"https:\/\/maisonduprat.com\/en\/wp-json\/wp\/v2\/pages\/11450\/revisions"}],"predecessor-version":[{"id":11464,"href":"https:\/\/maisonduprat.com\/en\/wp-json\/wp\/v2\/pages\/11450\/revisions\/11464"}],"wp:attachment":[{"href":"https:\/\/maisonduprat.com\/en\/wp-json\/wp\/v2\/media?parent=11450"}],"curies":[{"name":"wp","href":"https:\/\/api.w.org\/{rel}","templated":true}]}}